{"id":43,"date":"2025-03-11T21:49:21","date_gmt":"2025-03-11T21:49:21","guid":{"rendered":"http:\/\/wp.schwimmbad-dauborn.de\/?page_id=43"},"modified":"2025-04-21T11:04:24","modified_gmt":"2025-04-21T11:04:24","slug":"verein","status":"publish","type":"page","link":"https:\/\/schwimmbad-dauborn.de\/?page_id=43","title":{"rendered":"\u00dcber uns"},"content":{"rendered":"\n<p><\/p>\n\n\n\n<h3 class=\"wp-block-heading\">Historisches zur Entstehung des Schwimmbades und \u00fcber den Verein<\/h3>\n\n\n\n<p>Es war Ida K\u00e4mmerer, geborene Knapp, die 1000 US-Dollar aus Amerika stiftete. Damit wollte sie den Bau eines Bads in ihrem Heimatort Dauborn f\u00f6rdern.<\/p>\n\n\n\n<p>Nach der Spende taten sich die \u00f6rtlichen Vereine in einem Schwimmbadverein zusammen. Bernhard Wagner und Arnold Knapp hatten das Land gestiftet, die Bauern erbrachten kostenlos Fuhrleistungen. Ziegeleibesitzer Becher stiftete die erforderlichen Drainagerohre, und vom Landesarbeitsamt Frankfurt gab es einen Zuschuss f\u00fcr die Besch\u00e4ftigung von Notstandsarbeitern.<\/p>\n\n\n\n<p>Angef\u00fchrt vom Turnverein und unter gro\u00dfem Einsatz aus der gesamten Bev\u00f6lkerung wurde das Bad fertiggestellt und am 23. Juli 1933 erstmals benutzt. Im darauffolgenden Winter wurden die s\u00fcdlich des Bads liegende Wiese aufgesch\u00fcttet, die Umkleider\u00e4ume fertig gestellt sowie eine Warmdusch-Anlage installiert. 1934 ist das Bad offiziell er\u00f6ffnet worden und der TV \u00fcbernahm die Tr\u00e4gerschaft.<\/p>\n\n\n\n<p>Am 28. August 1995 wurde der \u201eF\u00f6rderverein Dauborner Schwimmbad e.V.\u201c gegr\u00fcndet. Auf Anhieb traten mehr als 250 B\u00fcrgerinnen und B\u00fcrger dem Verein bei, inzwischen sind es mehr als 300 Vereinsmitglieder. Schwerpunkte der Vereinsarbeit sind die regelm\u00e4\u00dfigen Arbeitseins\u00e4tze \u201erund um das Bad\u201c, die Pflege der Au\u00dfenanlagen und insbesondere das M\u00e4hen des Rasens mit einem eigens angeschafften Traktor. Allj\u00e4hrlich wird ein gro\u00dfes Schwimmbadfest veranstaltet und -in Zusammenarbeit mit der Gemeinde H\u00fcnfelden- verschiedene andere Veranstaltungen im Schwimmbad durchgef\u00fchrt.<\/p>\n\n\n\n<p>In den letzten Jahren hat der Verein gro\u00dfe finanzielle Mittel in die Attraktivit\u00e4t des Bades investiert. Dazu z\u00e4hlen u.a. die Anschaffung von Tischen und St\u00fchlen sowie Sonnenschirme f\u00fcr die Liegewiese, Spielsachen f\u00fcr Wiese und Wasser, eine Beachvolleyball-Anlage und Basketballkorb.<\/p>\n\n\n\n<p><em>Warum F\u00f6rderverein?<\/em><\/p>\n\n\n\n<p><strong><em>Der Betreiber des Dauborner Schwimmbades ist die Gemeinde H\u00fcnfelden.<\/em><\/strong><\/p>\n\n\n\n<p>Das Dauborner Schwimmbad \u201elebt\u201c durch die Unterst\u00fctzung aus der Bev\u00f6lkerung.<\/p>\n\n\n\n<p>Eine \u00fcber 90 Jahre lange Tradition wird allj\u00e4hrlich erneuert. F\u00fcr viele junge Familien aus Dauborn und Umgebung, ist das Schwimmbad ein Ort der Entspannung im Sommer. Der F\u00f6rderverein repr\u00e4sentiert den Wunsch der Mitglieder und Bev\u00f6lkerung von nah und fern nach dem Fortbestand des Bades. Er organisiert das finanzielle und pers\u00f6nliche Engagement der Menschen.<\/p>\n\n\n\n<p><em>Wie kann man das Schwimmbad unterst\u00fctzen?<\/em><\/p>\n\n\n\n<ul class=\"wp-block-list\">\n<li>Durch den regelm\u00e4\u00dfigen Besuch des Bades<\/li>\n\n\n\n<li>Durch Werbung f\u00fcr unser attraktives Familienbad<\/li>\n\n\n\n<li>Durch den Besuch der Veranstaltungen des F\u00f6rdervereins<\/li>\n\n\n\n<li>Durch Mithilfe bei den Arbeitseins\u00e4tzen des F\u00f6rdervereins<\/li>\n\n\n\n<li>Durch eine Mitgliedschaft im F\u00f6rderverein<\/li>\n<\/ul>\n\n\n\n<figure class=\"wp-block-image size-large\"><a href=\"http:\/\/wp.schwimmbad-dauborn.de\/wp-content\/uploads\/2025\/03\/Flyer2025.jpg\"><img loading=\"lazy\" decoding=\"async\" width=\"721\" height=\"1024\" src=\"http:\/\/wp.schwimmbad-dauborn.de\/wp-content\/uploads\/2025\/03\/Flyer2025-721x1024.jpg\" alt=\"\" class=\"wp-image-246\" srcset=\"https:\/\/schwimmbad-dauborn.de\/wp-content\/uploads\/2025\/03\/Flyer2025-721x1024.jpg 721w, https:\/\/schwimmbad-dauborn.de\/wp-content\/uploads\/2025\/03\/Flyer2025-211x300.jpg 211w, https:\/\/schwimmbad-dauborn.de\/wp-content\/uploads\/2025\/03\/Flyer2025-768x1090.jpg 768w, https:\/\/schwimmbad-dauborn.de\/wp-content\/uploads\/2025\/03\/Flyer2025-1082x1536.jpg 1082w, https:\/\/schwimmbad-dauborn.de\/wp-content\/uploads\/2025\/03\/Flyer2025.jpg 1127w\" sizes=\"auto, (max-width: 721px) 100vw, 721px\" \/><\/a><\/figure>\n","protected":false},"excerpt":{"rendered":"<p>Historisches zur Entstehung des Schwimmbades und \u00fcber den Verein Es <a class=\"more-link\" href=\"https:\/\/schwimmbad-dauborn.de\/?page_id=43\">weiterlesen&#8230;<\/a><\/p>\n","protected":false},"author":1,"featured_media":285,"parent":0,"menu_order":0,"comment_status":"closed","ping_status":"closed","template":"","meta":{"footnotes":""},"class_list":["post-43","page","type-page","status-publish","has-post-thumbnail","hentry"],"yoast_head":"<!-- This site is optimized with the Yoast SEO plugin v27.4 - https:\/\/yoast.com\/product\/yoast-seo-wordpress\/ -->\n<title>\u00dcber uns - Schwimmbad Dauborn<\/title>\n<meta name=\"robots\" content=\"index, follow, max-snippet:-1, max-image-preview:large, max-video-preview:-1\" \/>\n<link rel=\"canonical\" href=\"https:\/\/schwimmbad-dauborn.de\/?page_id=43\" \/>\n<meta property=\"og:locale\" content=\"de_DE\" \/>\n<meta property=\"og:type\" content=\"article\" \/>\n<meta property=\"og:title\" content=\"\u00dcber uns - Schwimmbad Dauborn\" \/>\n<meta property=\"og:description\" content=\"Historisches zur Entstehung des Schwimmbades und \u00fcber den Verein Es weiterlesen...\" \/>\n<meta property=\"og:url\" content=\"https:\/\/schwimmbad-dauborn.de\/?page_id=43\" \/>\n<meta property=\"og:site_name\" content=\"Schwimmbad Dauborn\" \/>\n<meta property=\"article:publisher\" content=\"https:\/\/www.facebook.com\/groups\/144248379310852\/\" \/>\n<meta property=\"article:modified_time\" content=\"2025-04-21T11:04:24+00:00\" \/>\n<meta property=\"og:image\" content=\"https:\/\/schwimmbad-dauborn.de\/wp-content\/uploads\/2025\/03\/ueberuns.jpg\" \/>\n\t<meta property=\"og:image:width\" content=\"740\" \/>\n\t<meta property=\"og:image:height\" content=\"250\" \/>\n\t<meta property=\"og:image:type\" content=\"image\/jpeg\" \/>\n<meta name=\"twitter:card\" content=\"summary_large_image\" \/>\n<meta name=\"twitter:label1\" content=\"Gesch\u00e4tzte Lesezeit\" \/>\n\t<meta name=\"twitter:data1\" content=\"2\u00a0Minuten\" \/>\n<script type=\"application\/ld+json\" class=\"yoast-schema-graph\">{\"@context\":\"https:\\\/\\\/schema.org\",\"@graph\":[{\"@type\":\"WebPage\",\"@id\":\"https:\\\/\\\/schwimmbad-dauborn.de\\\/?page_id=43\",\"url\":\"https:\\\/\\\/schwimmbad-dauborn.de\\\/?page_id=43\",\"name\":\"\u00dcber uns - Schwimmbad Dauborn\",\"isPartOf\":{\"@id\":\"https:\\\/\\\/schwimmbad-dauborn.de\\\/#website\"},\"primaryImageOfPage\":{\"@id\":\"https:\\\/\\\/schwimmbad-dauborn.de\\\/?page_id=43#primaryimage\"},\"image\":{\"@id\":\"https:\\\/\\\/schwimmbad-dauborn.de\\\/?page_id=43#primaryimage\"},\"thumbnailUrl\":\"https:\\\/\\\/schwimmbad-dauborn.de\\\/wp-content\\\/uploads\\\/2025\\\/03\\\/ueberuns.jpg\",\"datePublished\":\"2025-03-11T21:49:21+00:00\",\"dateModified\":\"2025-04-21T11:04:24+00:00\",\"breadcrumb\":{\"@id\":\"https:\\\/\\\/schwimmbad-dauborn.de\\\/?page_id=43#breadcrumb\"},\"inLanguage\":\"de\",\"potentialAction\":[{\"@type\":\"ReadAction\",\"target\":[\"https:\\\/\\\/schwimmbad-dauborn.de\\\/?page_id=43\"]}]},{\"@type\":\"ImageObject\",\"inLanguage\":\"de\",\"@id\":\"https:\\\/\\\/schwimmbad-dauborn.de\\\/?page_id=43#primaryimage\",\"url\":\"https:\\\/\\\/schwimmbad-dauborn.de\\\/wp-content\\\/uploads\\\/2025\\\/03\\\/ueberuns.jpg\",\"contentUrl\":\"https:\\\/\\\/schwimmbad-dauborn.de\\\/wp-content\\\/uploads\\\/2025\\\/03\\\/ueberuns.jpg\",\"width\":740,\"height\":250},{\"@type\":\"BreadcrumbList\",\"@id\":\"https:\\\/\\\/schwimmbad-dauborn.de\\\/?page_id=43#breadcrumb\",\"itemListElement\":[{\"@type\":\"ListItem\",\"position\":1,\"name\":\"Startseite\",\"item\":\"https:\\\/\\\/schwimmbad-dauborn.de\\\/\"},{\"@type\":\"ListItem\",\"position\":2,\"name\":\"\u00dcber uns\"}]},{\"@type\":\"WebSite\",\"@id\":\"https:\\\/\\\/schwimmbad-dauborn.de\\\/#website\",\"url\":\"https:\\\/\\\/schwimmbad-dauborn.de\\\/\",\"name\":\"Schwimmbad Dauborn\",\"description\":\"F\u00f6rderverein Dauborner Schwimbad e.V.\",\"publisher\":{\"@id\":\"https:\\\/\\\/schwimmbad-dauborn.de\\\/#organization\"},\"potentialAction\":[{\"@type\":\"SearchAction\",\"target\":{\"@type\":\"EntryPoint\",\"urlTemplate\":\"https:\\\/\\\/schwimmbad-dauborn.de\\\/?s={search_term_string}\"},\"query-input\":{\"@type\":\"PropertyValueSpecification\",\"valueRequired\":true,\"valueName\":\"search_term_string\"}}],\"inLanguage\":\"de\"},{\"@type\":\"Organization\",\"@id\":\"https:\\\/\\\/schwimmbad-dauborn.de\\\/#organization\",\"name\":\"F\u00f6rderverein Dauborner Schwimmbad e.V.\",\"url\":\"https:\\\/\\\/schwimmbad-dauborn.de\\\/\",\"logo\":{\"@type\":\"ImageObject\",\"inLanguage\":\"de\",\"@id\":\"https:\\\/\\\/schwimmbad-dauborn.de\\\/#\\\/schema\\\/logo\\\/image\\\/\",\"url\":\"https:\\\/\\\/schwimmbad-dauborn.de\\\/wp-content\\\/uploads\\\/2025\\\/03\\\/cropped-cropped-Logo_klein-1.png\",\"contentUrl\":\"https:\\\/\\\/schwimmbad-dauborn.de\\\/wp-content\\\/uploads\\\/2025\\\/03\\\/cropped-cropped-Logo_klein-1.png\",\"width\":160,\"height\":160,\"caption\":\"F\u00f6rderverein Dauborner Schwimmbad e.V.\"},\"image\":{\"@id\":\"https:\\\/\\\/schwimmbad-dauborn.de\\\/#\\\/schema\\\/logo\\\/image\\\/\"},\"sameAs\":[\"https:\\\/\\\/www.facebook.com\\\/groups\\\/144248379310852\\\/\",\"https:\\\/\\\/www.instagram.com\\\/schwimmbad_dauborn\"]}]}<\/script>\n<!-- \/ Yoast SEO plugin. -->","yoast_head_json":{"title":"\u00dcber uns - Schwimmbad Dauborn","robots":{"index":"index","follow":"follow","max-snippet":"max-snippet:-1","max-image-preview":"max-image-preview:large","max-video-preview":"max-video-preview:-1"},"canonical":"https:\/\/schwimmbad-dauborn.de\/?page_id=43","og_locale":"de_DE","og_type":"article","og_title":"\u00dcber uns - Schwimmbad Dauborn","og_description":"Historisches zur Entstehung des Schwimmbades und \u00fcber den Verein Es weiterlesen...","og_url":"https:\/\/schwimmbad-dauborn.de\/?page_id=43","og_site_name":"Schwimmbad Dauborn","article_publisher":"https:\/\/www.facebook.com\/groups\/144248379310852\/","article_modified_time":"2025-04-21T11:04:24+00:00","og_image":[{"width":740,"height":250,"url":"https:\/\/schwimmbad-dauborn.de\/wp-content\/uploads\/2025\/03\/ueberuns.jpg","type":"image\/jpeg"}],"twitter_card":"summary_large_image","twitter_misc":{"Gesch\u00e4tzte Lesezeit":"2\u00a0Minuten"},"schema":{"@context":"https:\/\/schema.org","@graph":[{"@type":"WebPage","@id":"https:\/\/schwimmbad-dauborn.de\/?page_id=43","url":"https:\/\/schwimmbad-dauborn.de\/?page_id=43","name":"\u00dcber uns - Schwimmbad Dauborn","isPartOf":{"@id":"https:\/\/schwimmbad-dauborn.de\/#website"},"primaryImageOfPage":{"@id":"https:\/\/schwimmbad-dauborn.de\/?page_id=43#primaryimage"},"image":{"@id":"https:\/\/schwimmbad-dauborn.de\/?page_id=43#primaryimage"},"thumbnailUrl":"https:\/\/schwimmbad-dauborn.de\/wp-content\/uploads\/2025\/03\/ueberuns.jpg","datePublished":"2025-03-11T21:49:21+00:00","dateModified":"2025-04-21T11:04:24+00:00","breadcrumb":{"@id":"https:\/\/schwimmbad-dauborn.de\/?page_id=43#breadcrumb"},"inLanguage":"de","potentialAction":[{"@type":"ReadAction","target":["https:\/\/schwimmbad-dauborn.de\/?page_id=43"]}]},{"@type":"ImageObject","inLanguage":"de","@id":"https:\/\/schwimmbad-dauborn.de\/?page_id=43#primaryimage","url":"https:\/\/schwimmbad-dauborn.de\/wp-content\/uploads\/2025\/03\/ueberuns.jpg","contentUrl":"https:\/\/schwimmbad-dauborn.de\/wp-content\/uploads\/2025\/03\/ueberuns.jpg","width":740,"height":250},{"@type":"BreadcrumbList","@id":"https:\/\/schwimmbad-dauborn.de\/?page_id=43#breadcrumb","itemListElement":[{"@type":"ListItem","position":1,"name":"Startseite","item":"https:\/\/schwimmbad-dauborn.de\/"},{"@type":"ListItem","position":2,"name":"\u00dcber uns"}]},{"@type":"WebSite","@id":"https:\/\/schwimmbad-dauborn.de\/#website","url":"https:\/\/schwimmbad-dauborn.de\/","name":"Schwimmbad Dauborn","description":"F\u00f6rderverein Dauborner Schwimbad e.V.","publisher":{"@id":"https:\/\/schwimmbad-dauborn.de\/#organization"},"potentialAction":[{"@type":"SearchAction","target":{"@type":"EntryPoint","urlTemplate":"https:\/\/schwimmbad-dauborn.de\/?s={search_term_string}"},"query-input":{"@type":"PropertyValueSpecification","valueRequired":true,"valueName":"search_term_string"}}],"inLanguage":"de"},{"@type":"Organization","@id":"https:\/\/schwimmbad-dauborn.de\/#organization","name":"F\u00f6rderverein Dauborner Schwimmbad e.V.","url":"https:\/\/schwimmbad-dauborn.de\/","logo":{"@type":"ImageObject","inLanguage":"de","@id":"https:\/\/schwimmbad-dauborn.de\/#\/schema\/logo\/image\/","url":"https:\/\/schwimmbad-dauborn.de\/wp-content\/uploads\/2025\/03\/cropped-cropped-Logo_klein-1.png","contentUrl":"https:\/\/schwimmbad-dauborn.de\/wp-content\/uploads\/2025\/03\/cropped-cropped-Logo_klein-1.png","width":160,"height":160,"caption":"F\u00f6rderverein Dauborner Schwimmbad e.V."},"image":{"@id":"https:\/\/schwimmbad-dauborn.de\/#\/schema\/logo\/image\/"},"sameAs":["https:\/\/www.facebook.com\/groups\/144248379310852\/","https:\/\/www.instagram.com\/schwimmbad_dauborn"]}]}},"_links":{"self":[{"href":"https:\/\/schwimmbad-dauborn.de\/index.php?rest_route=\/wp\/v2\/pages\/43","targetHints":{"allow":["GET"]}}],"collection":[{"href":"https:\/\/schwimmbad-dauborn.de\/index.php?rest_route=\/wp\/v2\/pages"}],"about":[{"href":"https:\/\/schwimmbad-dauborn.de\/index.php?rest_route=\/wp\/v2\/types\/page"}],"author":[{"embeddable":true,"href":"https:\/\/schwimmbad-dauborn.de\/index.php?rest_route=\/wp\/v2\/users\/1"}],"replies":[{"embeddable":true,"href":"https:\/\/schwimmbad-dauborn.de\/index.php?rest_route=%2Fwp%2Fv2%2Fcomments&post=43"}],"version-history":[{"count":11,"href":"https:\/\/schwimmbad-dauborn.de\/index.php?rest_route=\/wp\/v2\/pages\/43\/revisions"}],"predecessor-version":[{"id":594,"href":"https:\/\/schwimmbad-dauborn.de\/index.php?rest_route=\/wp\/v2\/pages\/43\/revisions\/594"}],"wp:featuredmedia":[{"embeddable":true,"href":"https:\/\/schwimmbad-dauborn.de\/index.php?rest_route=\/wp\/v2\/media\/285"}],"wp:attachment":[{"href":"https:\/\/schwimmbad-dauborn.de\/index.php?rest_route=%2Fwp%2Fv2%2Fmedia&parent=43"}],"curies":[{"name":"wp","href":"https:\/\/api.w.org\/{rel}","templated":true}]}}