{"id":264,"date":"2025-03-18T20:04:19","date_gmt":"2025-03-18T20:04:19","guid":{"rendered":"http:\/\/wp.schwimmbad-dauborn.de\/?page_id=264"},"modified":"2025-06-07T16:39:06","modified_gmt":"2025-06-07T16:39:06","slug":"willkommen-im-schwimmbad","status":"publish","type":"page","link":"https:\/\/schwimmbad-dauborn.de\/?page_id=264","title":{"rendered":"Willkommen im Dauborner Schwimmbad der Gemeinde H\u00fcnfelden"},"content":{"rendered":"\n<p><\/p>\n\n\n\n<p class=\"has-text-align-left has-small-font-size\" style=\"text-transform:none\">Erholung, barrierefreier Zutritt<\/p>\n\n\n\n<div style=\"height:25px\" aria-hidden=\"true\" class=\"wp-block-spacer\"><\/div>\n\n\n\n<p class=\"has-text-align-left has-small-font-size\" style=\"text-transform:none\">k\u00fchles Nass, Wasserrutsche, Nicht-Schwimmer und Schwimmerbereich, Schwimmkurse, Startbl\u00f6cke<\/p>\n\n\n\n<div style=\"height:25px\" aria-hidden=\"true\" class=\"wp-block-spacer\"><\/div>\n\n\n\n<p class=\"has-text-align-left has-small-font-size\" style=\"text-transform:none\">Liegewiese mit Sitzm\u00f6glichkeiten, Sonnenschirme<\/p>\n\n\n\n<div style=\"height:25px\" aria-hidden=\"true\" class=\"wp-block-spacer\"><\/div>\n\n\n\n<p class=\"has-text-align-left has-small-font-size\" style=\"text-transform:none\">Beachvolleyballfeld, Basketballfeld, Ausleihm\u00f6glichkeiten f\u00fcr Land- und Wasserspielzeug, Sandkasten mit Spielzeug, Schaukel, neu: Fu\u00dfball-Tor<\/p>\n\n\n\n<div style=\"height:25px\" aria-hidden=\"true\" class=\"wp-block-spacer\"><\/div>\n\n\n\n<p class=\"has-text-align-left has-small-font-size\" style=\"text-transform:none\">Verpflegungsm\u00f6glichkeiten <\/p>\n\n\n\n<div style=\"height:25px\" aria-hidden=\"true\" class=\"wp-block-spacer\"><\/div>\n\n\n\n<p>und vieles mehr<\/p>\n\n\n\n<hr class=\"wp-block-separator has-alpha-channel-opacity\"\/>\n\n\n\n<div class=\"wp-block-columns is-layout-flex wp-container-core-columns-is-layout-9d6595d7 wp-block-columns-is-layout-flex\">\n<div class=\"wp-block-column is-layout-flow wp-block-column-is-layout-flow\">\n<div class=\"wp-block-buttons is-content-justification-center is-layout-flex wp-container-core-buttons-is-layout-16018d1d wp-block-buttons-is-layout-flex\">\n<div class=\"wp-block-button\"><a class=\"wp-block-button__link wp-element-button\" href=\"https:\/\/schwimmbad-dauborn.de\/?page_id=44\">Bildergalerie<\/a><\/div>\n<\/div>\n<\/div>\n<\/div>\n\n\n\n<hr class=\"wp-block-separator has-alpha-channel-opacity\"\/>\n\n\n\n<p class=\"has-text-align-center\">Wir freuen uns auf Ihren Besuch!<\/p>\n\n\n\n<p><\/p>\n","protected":false},"excerpt":{"rendered":"<p>Erholung, barrierefreier Zutritt k\u00fchles Nass, Wasserrutsche, Nicht-Schwimmer und Schwimmerbereich, Schwimmkurse, <a class=\"more-link\" href=\"https:\/\/schwimmbad-dauborn.de\/?page_id=264\">weiterlesen&#8230;<\/a><\/p>\n","protected":false},"author":1,"featured_media":0,"parent":0,"menu_order":0,"comment_status":"closed","ping_status":"closed","template":"","meta":{"footnotes":""},"class_list":["post-264","page","type-page","status-publish","hentry"],"yoast_head":"<!-- This site is optimized with the Yoast SEO plugin v27.4 - https:\/\/yoast.com\/product\/yoast-seo-wordpress\/ -->\n<title>Willkommen im Dauborner Schwimmbad der Gemeinde H\u00fcnfelden - Schwimmbad Dauborn<\/title>\n<meta name=\"robots\" content=\"index, follow, max-snippet:-1, max-image-preview:large, max-video-preview:-1\" \/>\n<link rel=\"canonical\" href=\"https:\/\/schwimmbad-dauborn.de\/?page_id=264\" \/>\n<meta property=\"og:locale\" content=\"de_DE\" \/>\n<meta property=\"og:type\" content=\"article\" \/>\n<meta property=\"og:title\" content=\"Willkommen im Dauborner Schwimmbad der Gemeinde H\u00fcnfelden - Schwimmbad Dauborn\" \/>\n<meta property=\"og:description\" content=\"Erholung, barrierefreier Zutritt k\u00fchles Nass, Wasserrutsche, Nicht-Schwimmer und Schwimmerbereich, Schwimmkurse, weiterlesen...\" \/>\n<meta property=\"og:url\" content=\"https:\/\/schwimmbad-dauborn.de\/?page_id=264\" \/>\n<meta property=\"og:site_name\" content=\"Schwimmbad Dauborn\" \/>\n<meta property=\"article:publisher\" content=\"https:\/\/www.facebook.com\/groups\/144248379310852\/\" \/>\n<meta property=\"article:modified_time\" content=\"2025-06-07T16:39:06+00:00\" \/>\n<meta name=\"twitter:card\" content=\"summary_large_image\" \/>\n<script type=\"application\/ld+json\" class=\"yoast-schema-graph\">{\"@context\":\"https:\\\/\\\/schema.org\",\"@graph\":[{\"@type\":\"WebPage\",\"@id\":\"https:\\\/\\\/schwimmbad-dauborn.de\\\/?page_id=264\",\"url\":\"https:\\\/\\\/schwimmbad-dauborn.de\\\/?page_id=264\",\"name\":\"Willkommen im Dauborner Schwimmbad der Gemeinde H\u00fcnfelden - Schwimmbad Dauborn\",\"isPartOf\":{\"@id\":\"https:\\\/\\\/schwimmbad-dauborn.de\\\/#website\"},\"datePublished\":\"2025-03-18T20:04:19+00:00\",\"dateModified\":\"2025-06-07T16:39:06+00:00\",\"breadcrumb\":{\"@id\":\"https:\\\/\\\/schwimmbad-dauborn.de\\\/?page_id=264#breadcrumb\"},\"inLanguage\":\"de\",\"potentialAction\":[{\"@type\":\"ReadAction\",\"target\":[\"https:\\\/\\\/schwimmbad-dauborn.de\\\/?page_id=264\"]}]},{\"@type\":\"BreadcrumbList\",\"@id\":\"https:\\\/\\\/schwimmbad-dauborn.de\\\/?page_id=264#breadcrumb\",\"itemListElement\":[{\"@type\":\"ListItem\",\"position\":1,\"name\":\"Startseite\",\"item\":\"https:\\\/\\\/schwimmbad-dauborn.de\\\/\"},{\"@type\":\"ListItem\",\"position\":2,\"name\":\"Willkommen im Dauborner Schwimmbad der Gemeinde H\u00fcnfelden\"}]},{\"@type\":\"WebSite\",\"@id\":\"https:\\\/\\\/schwimmbad-dauborn.de\\\/#website\",\"url\":\"https:\\\/\\\/schwimmbad-dauborn.de\\\/\",\"name\":\"Schwimmbad Dauborn\",\"description\":\"F\u00f6rderverein Dauborner Schwimbad e.V.\",\"publisher\":{\"@id\":\"https:\\\/\\\/schwimmbad-dauborn.de\\\/#organization\"},\"potentialAction\":[{\"@type\":\"SearchAction\",\"target\":{\"@type\":\"EntryPoint\",\"urlTemplate\":\"https:\\\/\\\/schwimmbad-dauborn.de\\\/?s={search_term_string}\"},\"query-input\":{\"@type\":\"PropertyValueSpecification\",\"valueRequired\":true,\"valueName\":\"search_term_string\"}}],\"inLanguage\":\"de\"},{\"@type\":\"Organization\",\"@id\":\"https:\\\/\\\/schwimmbad-dauborn.de\\\/#organization\",\"name\":\"F\u00f6rderverein Dauborner Schwimmbad e.V.\",\"url\":\"https:\\\/\\\/schwimmbad-dauborn.de\\\/\",\"logo\":{\"@type\":\"ImageObject\",\"inLanguage\":\"de\",\"@id\":\"https:\\\/\\\/schwimmbad-dauborn.de\\\/#\\\/schema\\\/logo\\\/image\\\/\",\"url\":\"https:\\\/\\\/schwimmbad-dauborn.de\\\/wp-content\\\/uploads\\\/2025\\\/03\\\/cropped-cropped-Logo_klein-1.png\",\"contentUrl\":\"https:\\\/\\\/schwimmbad-dauborn.de\\\/wp-content\\\/uploads\\\/2025\\\/03\\\/cropped-cropped-Logo_klein-1.png\",\"width\":160,\"height\":160,\"caption\":\"F\u00f6rderverein Dauborner Schwimmbad e.V.\"},\"image\":{\"@id\":\"https:\\\/\\\/schwimmbad-dauborn.de\\\/#\\\/schema\\\/logo\\\/image\\\/\"},\"sameAs\":[\"https:\\\/\\\/www.facebook.com\\\/groups\\\/144248379310852\\\/\",\"https:\\\/\\\/www.instagram.com\\\/schwimmbad_dauborn\"]}]}<\/script>\n<!-- \/ Yoast SEO plugin. -->","yoast_head_json":{"title":"Willkommen im Dauborner Schwimmbad der Gemeinde H\u00fcnfelden - Schwimmbad Dauborn","robots":{"index":"index","follow":"follow","max-snippet":"max-snippet:-1","max-image-preview":"max-image-preview:large","max-video-preview":"max-video-preview:-1"},"canonical":"https:\/\/schwimmbad-dauborn.de\/?page_id=264","og_locale":"de_DE","og_type":"article","og_title":"Willkommen im Dauborner Schwimmbad der Gemeinde H\u00fcnfelden - Schwimmbad Dauborn","og_description":"Erholung, barrierefreier Zutritt k\u00fchles Nass, Wasserrutsche, Nicht-Schwimmer und Schwimmerbereich, Schwimmkurse, weiterlesen...","og_url":"https:\/\/schwimmbad-dauborn.de\/?page_id=264","og_site_name":"Schwimmbad Dauborn","article_publisher":"https:\/\/www.facebook.com\/groups\/144248379310852\/","article_modified_time":"2025-06-07T16:39:06+00:00","twitter_card":"summary_large_image","schema":{"@context":"https:\/\/schema.org","@graph":[{"@type":"WebPage","@id":"https:\/\/schwimmbad-dauborn.de\/?page_id=264","url":"https:\/\/schwimmbad-dauborn.de\/?page_id=264","name":"Willkommen im Dauborner Schwimmbad der Gemeinde H\u00fcnfelden - Schwimmbad Dauborn","isPartOf":{"@id":"https:\/\/schwimmbad-dauborn.de\/#website"},"datePublished":"2025-03-18T20:04:19+00:00","dateModified":"2025-06-07T16:39:06+00:00","breadcrumb":{"@id":"https:\/\/schwimmbad-dauborn.de\/?page_id=264#breadcrumb"},"inLanguage":"de","potentialAction":[{"@type":"ReadAction","target":["https:\/\/schwimmbad-dauborn.de\/?page_id=264"]}]},{"@type":"BreadcrumbList","@id":"https:\/\/schwimmbad-dauborn.de\/?page_id=264#breadcrumb","itemListElement":[{"@type":"ListItem","position":1,"name":"Startseite","item":"https:\/\/schwimmbad-dauborn.de\/"},{"@type":"ListItem","position":2,"name":"Willkommen im Dauborner Schwimmbad der Gemeinde H\u00fcnfelden"}]},{"@type":"WebSite","@id":"https:\/\/schwimmbad-dauborn.de\/#website","url":"https:\/\/schwimmbad-dauborn.de\/","name":"Schwimmbad Dauborn","description":"F\u00f6rderverein Dauborner Schwimbad e.V.","publisher":{"@id":"https:\/\/schwimmbad-dauborn.de\/#organization"},"potentialAction":[{"@type":"SearchAction","target":{"@type":"EntryPoint","urlTemplate":"https:\/\/schwimmbad-dauborn.de\/?s={search_term_string}"},"query-input":{"@type":"PropertyValueSpecification","valueRequired":true,"valueName":"search_term_string"}}],"inLanguage":"de"},{"@type":"Organization","@id":"https:\/\/schwimmbad-dauborn.de\/#organization","name":"F\u00f6rderverein Dauborner Schwimmbad e.V.","url":"https:\/\/schwimmbad-dauborn.de\/","logo":{"@type":"ImageObject","inLanguage":"de","@id":"https:\/\/schwimmbad-dauborn.de\/#\/schema\/logo\/image\/","url":"https:\/\/schwimmbad-dauborn.de\/wp-content\/uploads\/2025\/03\/cropped-cropped-Logo_klein-1.png","contentUrl":"https:\/\/schwimmbad-dauborn.de\/wp-content\/uploads\/2025\/03\/cropped-cropped-Logo_klein-1.png","width":160,"height":160,"caption":"F\u00f6rderverein Dauborner Schwimmbad e.V."},"image":{"@id":"https:\/\/schwimmbad-dauborn.de\/#\/schema\/logo\/image\/"},"sameAs":["https:\/\/www.facebook.com\/groups\/144248379310852\/","https:\/\/www.instagram.com\/schwimmbad_dauborn"]}]}},"_links":{"self":[{"href":"https:\/\/schwimmbad-dauborn.de\/index.php?rest_route=\/wp\/v2\/pages\/264","targetHints":{"allow":["GET"]}}],"collection":[{"href":"https:\/\/schwimmbad-dauborn.de\/index.php?rest_route=\/wp\/v2\/pages"}],"about":[{"href":"https:\/\/schwimmbad-dauborn.de\/index.php?rest_route=\/wp\/v2\/types\/page"}],"author":[{"embeddable":true,"href":"https:\/\/schwimmbad-dauborn.de\/index.php?rest_route=\/wp\/v2\/users\/1"}],"replies":[{"embeddable":true,"href":"https:\/\/schwimmbad-dauborn.de\/index.php?rest_route=%2Fwp%2Fv2%2Fcomments&post=264"}],"version-history":[{"count":14,"href":"https:\/\/schwimmbad-dauborn.de\/index.php?rest_route=\/wp\/v2\/pages\/264\/revisions"}],"predecessor-version":[{"id":741,"href":"https:\/\/schwimmbad-dauborn.de\/index.php?rest_route=\/wp\/v2\/pages\/264\/revisions\/741"}],"wp:attachment":[{"href":"https:\/\/schwimmbad-dauborn.de\/index.php?rest_route=%2Fwp%2Fv2%2Fmedia&parent=264"}],"curies":[{"name":"wp","href":"https:\/\/api.w.org\/{rel}","templated":true}]}}