{"id":1104,"date":"2026-04-28T12:40:29","date_gmt":"2026-04-28T12:40:29","guid":{"rendered":"https:\/\/schwimmbad-dauborn.de\/?page_id=1104"},"modified":"2026-04-28T12:40:31","modified_gmt":"2026-04-28T12:40:31","slug":"foerderverein","status":"publish","type":"page","link":"https:\/\/schwimmbad-dauborn.de\/?page_id=1104","title":{"rendered":"F\u00f6rderverein"},"content":{"rendered":"\n<p><\/p>\n\n\n\n<p>Alle gesammelten Infos Rund um den F\u00f6rderverein des Dauborner Schwimmbades:<\/p>\n\n\n\n<div style=\"height:25px\" aria-hidden=\"true\" class=\"wp-block-spacer\"><\/div>\n\n\n<ul class=\"wp-block-latest-posts__list has-dates wp-block-latest-posts\"><li><a class=\"wp-block-latest-posts__post-title\" href=\"https:\/\/schwimmbad-dauborn.de\/?p=1069\">Arbeitseinsatz, 24. April 2026<\/a><time datetime=\"2026-04-27T12:17:34+00:00\" class=\"wp-block-latest-posts__post-date\">April 27, 2026<\/time><div class=\"wp-block-latest-posts__post-excerpt\">Der Vorstand des Dauborner Schwimmbades bedankt sich herzlich bei den Helfern!\ud83e\udd17\ud83d\udc99\ud83e\ude75 Mit eurer Hilfe konnteunser sch\u00f6nes Fleckchen Sommer \u2600\ufe0f\u26f1\ufe0f\ud83c\udfca\ud83c\udffc\u200d\u2640\ufe0fim Herzen von Dauborn wieder auf Vordermann gebracht werden! \ud83d\udcaa\ud83c\udffb\ud83d\ude4c\ud83c\udffb Saisonstart\ud83d\udca6\ud83d\udedf\ud83d\uddd3\ufe0f08.05. um 17:00\ud83d\udd70\ufe0f<\/div><\/li>\n<li><a class=\"wp-block-latest-posts__post-title\" href=\"https:\/\/schwimmbad-dauborn.de\/?p=1013\">Gewinnspiel<\/a><time datetime=\"2026-03-09T07:02:40+00:00\" class=\"wp-block-latest-posts__post-date\">M\u00e4rz 9, 2026<\/time><div class=\"wp-block-latest-posts__post-excerpt\">\ud83c\udf89Erstmalig wird es zur Schwimmbad-Er\u00f6ffnung ein Gewinnspiel \ud83c\udfc6mit einer Sch\u00e4tzfrage\ud83e\udd14 geben.\ud83c\udf89 \u201eWelche Wassertemperatur hat unser Dauborner Schwimmbad \ud83d\udca6\ud83c\udf0aam Er\u00f6ffnungstag?\u201c\ud83e\udd75\ud83e\udd76 Bitte sendet eine E-Mail an info@schwimmbad-dauborn.de mit folgenden \ud83d\udcddInfos: -Betreff: Sch\u00e4tzfrage-Wassertemperatur-Name und Anschrift (Teilnahme im Lostopf nur m\u00f6glich, wenn all\u2018 diese Angaben+richtige Wassertemperatur vorhanden sind\ud83d\ude09) \ud83d\udd1a\ud83d\udc8cEinsendeschluss: 30.04.2026 Der Gewinner \ud83e\udd47wird am Er\u00f6ffnungstag\ud83c\udfa4 verk\u00fcndet und erh\u00e4lt ein Pr\u00e4sent \ud83c\udf81. Der Rechtsweg ist ausgeschlossen.Die erhobenen Daten werden ausschlie\u00dflich zur Durchf\u00fchrung des Gewinnspiels verwendet und anschlie\u00dfend gel\u00f6scht.<\/div><\/li>\n<li><a class=\"wp-block-latest-posts__post-title\" href=\"https:\/\/schwimmbad-dauborn.de\/?p=656\">Termine<\/a><time datetime=\"2026-02-20T09:00:49+00:00\" class=\"wp-block-latest-posts__post-date\">Februar 20, 2026<\/time><div class=\"wp-block-latest-posts__post-excerpt\">Saison-Er\u00f6ffnung 2026 Freitag, 08.05.2026 um 17.00 Uhr Poolparty Freitag, 21.08.2026<\/div><\/li>\n<li><a class=\"wp-block-latest-posts__post-title\" href=\"https:\/\/schwimmbad-dauborn.de\/?p=1008\">HELAU<\/a><time datetime=\"2026-02-16T08:57:14+00:00\" class=\"wp-block-latest-posts__post-date\">Februar 16, 2026<\/time><div class=\"wp-block-latest-posts__post-excerpt\">\ud83c\udf89\ud83d\udd7a\ud83c\udffc\ud83d\udd7a\ud83c\udffcAuf der Fassenacht haben wir \ud83e\udd70sie entdeckt und gleich f\u00fcrs Dauborner Schwimmbad eingesteckt.\u2611\ufe0f\ud83d\udedf\ud83e\udd3f\ud83c\udfca\ud83c\udffc\u200d\u2642\ufe0f Wir w\u00fcnschen allen einen sch\u00f6nen Rosenmontag und Fassenachtsdienstag!\ud83c\udf6c\ud83c\udf6d\ud83e\udd42\ud83c\udf7b\ud83c\udf89\ud83e\udd73 N\u00e4rrische \ud83e\udd73Daawener Terminerinnerung\ud83d\uddd3\ufe0f: HELAU \ud83c\udf89<\/div><\/li>\n<li><a class=\"wp-block-latest-posts__post-title\" href=\"https:\/\/schwimmbad-dauborn.de\/?p=1001\">Save the Date<\/a><time datetime=\"2026-02-14T07:54:58+00:00\" class=\"wp-block-latest-posts__post-date\">Februar 14, 2026<\/time><div class=\"wp-block-latest-posts__post-excerpt\">Der F\u00f6rderverein Dauborner Schwimmbad e.V. freut sich folgende Termine bekanntzugeben. 03.04.2026 Ostereiersuche im Schwimmbad 09.05.2026 voraussichtlicher Start der Saison 21.08.2026 Poolparty Sobald das genaue Datum f\u00fcr den Saisonstart 2026 feststeht, werden wir selbstverst\u00e4ndlich informieren.<\/div><\/li>\n<li><a class=\"wp-block-latest-posts__post-title\" href=\"https:\/\/schwimmbad-dauborn.de\/?p=994\">Ver\u00e4nderungen und Best\u00e4tigungen im Vorstand<\/a><time datetime=\"2026-02-12T11:44:35+00:00\" class=\"wp-block-latest-posts__post-date\">Februar 12, 2026<\/time><div class=\"wp-block-latest-posts__post-excerpt\">Jahreshauptversammlung 23.01.2026 Ein besonderer Dank an die ausscheidenden Vorstandsmitglieder: Im Vorstand best\u00e4tigt wurden: Erg\u00e4nzend zum Vorstand wurden<\/div><\/li>\n<li><a class=\"wp-block-latest-posts__post-title\" href=\"https:\/\/schwimmbad-dauborn.de\/?p=911\">Einladung zur Jahreshauptversammlung 2025<\/a><time datetime=\"2026-01-06T10:46:18+00:00\" class=\"wp-block-latest-posts__post-date\">Januar 6, 2026<\/time><div class=\"wp-block-latest-posts__post-excerpt\">Hiermit werden die Mitglieder des F\u00f6rderverein Dauborner Schwimmbad e.V. zur Jahreshauptversammlung am Freitag, den 23.01.2026 um 19.30 Uhr eingeladen. Tagesordnungspunkte: 1. Begr\u00fc\u00dfung2. Gedenken der verstorbener Vereinsmitglieder3. Genehmigung des Protokolls von 20244. Bericht der Vorsitzenden5. Bericht der Schatzmeisterin6. Bericht der Kassenpr\u00fcfer7. Entlastung des Vorstandes8. Neuwahl des Vorstandes9. Wahl von zwei Kassenpr\u00fcfern10. Antr\u00e4ge der Mitglieder11. Verschiedenes Die Jahreshauptversammlung findet im Gasthaus &#8220;Zur Post&#8221;, Laistra\u00dfe 27 in Dauborn statt. Wir freuen uns \u00fcber eine rege Teilnahme.<\/div><\/li>\n<li><a class=\"wp-block-latest-posts__post-title\" href=\"https:\/\/schwimmbad-dauborn.de\/?p=917\">Termin\u00e4nderung Jahreshauptversammlung<\/a><time datetime=\"2025-10-26T11:05:01+00:00\" class=\"wp-block-latest-posts__post-date\">Oktober 26, 2025<\/time><div class=\"wp-block-latest-posts__post-excerpt\">Der Termin f\u00fcr die Jahreshauptversammlung des F\u00f6rdervereins wurde auf Freitag, 23.01.2026 verschoben! Alles weiteren Infos und Tagesordnung: Einladung zur Jahreshauptversammlung 2025<\/div><\/li>\n<li><a class=\"wp-block-latest-posts__post-title\" href=\"https:\/\/schwimmbad-dauborn.de\/?p=883\">#BaumpflanzChallenge<\/a><time datetime=\"2025-09-21T11:56:00+00:00\" class=\"wp-block-latest-posts__post-date\">September 21, 2025<\/time><div class=\"wp-block-latest-posts__post-excerpt\">Wir, der F\u00f6rderverein Dauborner Schwimmbad danken dem RSV Dauborn f\u00fcr die Nominierung zur #BaumpflanzChallenge! F\u00fcr uns war es selbstverst\u00e4ndlich mitzumachen. Wir haben uns f\u00fcr einen sehr insektenfreundlichen Eisenholzbaum entschieden. Wir nominierten die Schwimmbadfreunde Kirberg sowie den Eintracht Frankfurt Fanclub Dauborner Adler innerhalb von Stunden ebenfalls einen Baum zu\u00a0pflanzen.<\/div><\/li>\n<li><a class=\"wp-block-latest-posts__post-title\" href=\"https:\/\/schwimmbad-dauborn.de\/?p=880\">Badesaison 2025 beendet<\/a><time datetime=\"2025-09-19T05:50:22+00:00\" class=\"wp-block-latest-posts__post-date\">September 19, 2025<\/time><div class=\"wp-block-latest-posts__post-excerpt\">Die Badesaison 2025 ist vorbei und wie in jedem Jahr, kommen treue, flei\u00dfige Helfer zusammen,um in den letzten warmen Sonnenstrahlen des Septembers unser schnuggeliges Dauborner Schwimmbad f\u00fcr den Winterschlaf vorzubereiten. Es war eine tolle Saison Danke an:&#8211; die Badeg\u00e4ste&#8211; die Helfer&#8211; die Gemeinde H\u00fcnfelden&#8211; Kirsten Darda mit ihrem Badeaufsicht-Team und des tollen Kiosk- Team mit u.a. den besten Pommes weit und breit&#8211; dem Automaten-Service f\u00fcr die tolle Versorgung! Wir sehen uns n\u00e4chstes Jahr wieder, im Dauborner Schwimmbad &#8211; dem \u00e4ltesten <a class=\"more-link\" href=\"https:\/\/schwimmbad-dauborn.de\/?p=880\">weiterlesen&#8230;<\/a><\/div><\/li>\n<li><a class=\"wp-block-latest-posts__post-title\" href=\"https:\/\/schwimmbad-dauborn.de\/?p=839\">Wir packen zusammen!<\/a><time datetime=\"2025-08-29T11:16:16+00:00\" class=\"wp-block-latest-posts__post-date\">August 29, 2025<\/time><div class=\"wp-block-latest-posts__post-excerpt\">Dem ist von unserer Seite nichts hinzuzuf\u00fcgen. Wir schlie\u00dfen uns den Worten unserer B\u00fcrgermeisterin an! Euer F\u00f6rderverein Schwimmbad Dauborn e.V.<\/div><\/li>\n<li><a class=\"wp-block-latest-posts__post-title\" href=\"https:\/\/schwimmbad-dauborn.de\/?p=819\">Poolparty 2025<\/a><time datetime=\"2025-08-26T09:45:31+00:00\" class=\"wp-block-latest-posts__post-date\">August 26, 2025<\/time><div class=\"wp-block-latest-posts__post-excerpt\">Es war eine super Party in unserem sch\u00f6nen Dauborner Schwimmbad! Wir sagen DANKE:&#8211; an die Helfer vom Auf-und Abbau,&#8211; an die Marktburschen-und M\u00e4dchen f\u00fcr die tolle Unterst\u00fctzung bei der Bewirtung,&#8211; an DJ Tim f\u00fcr die gute Musik,&#8211; der Badeaufsicht und dem Kioskteam rund um Kirsten Darda und nat\u00fcrlich an alle G\u00e4ste und Besucher. Ohne Euch w\u00e4re so ein toller Abend nicht m\u00f6glich&nbsp;gewesen.<\/div><\/li>\n<li><a class=\"wp-block-latest-posts__post-title\" href=\"https:\/\/schwimmbad-dauborn.de\/?p=769\">Der F\u00f6rderverein nimmt Abschied von seinem Gr\u00fcndungsmitglied Andreas Knapp.<\/a><time datetime=\"2025-07-21T09:04:59+00:00\" class=\"wp-block-latest-posts__post-date\">Juli 21, 2025<\/time><div class=\"wp-block-latest-posts__post-excerpt\">Wir danken Dir f\u00fcr alles, was Du in diesen 30 Jahren f\u00fcr den Verein und in besonderer Weise f\u00fcr das Dauborner Schwimmbad getan hast. Wir werden Dir ein besonderes Andenken bewahren. Wir werden Dich nicht vergessen, Ruhe in Frieden.<\/div><\/li>\n<li><a class=\"wp-block-latest-posts__post-title\" href=\"https:\/\/schwimmbad-dauborn.de\/?p=645\">Arbeitseinsatz<\/a><time datetime=\"2025-04-26T18:00:00+00:00\" class=\"wp-block-latest-posts__post-date\">April 26, 2025<\/time><div class=\"wp-block-latest-posts__post-excerpt\">Mit viel Einsatz und Teamgeist haben wir das Gel\u00e4nde rund um unser Freibad f\u00fcr die anstehende Saison vorbereitet.\nKleinere Arbeiten stehen noch aus, aber das Meiste ist geschafft.\nDanke an alle Helfer &#8211; ohne euch w\u00e4re das nicht m\u00f6glich gewesen. \nWir freuen uns auf einen tollen Sommer! <a class=\"more-link\" href=\"https:\/\/schwimmbad-dauborn.de\/?p=645\">weiterlesen&#8230;<\/a><\/div><\/li>\n<li><a class=\"wp-block-latest-posts__post-title\" href=\"https:\/\/schwimmbad-dauborn.de\/?p=654\">Info-Flyer<\/a><time datetime=\"2025-04-04T19:11:00+00:00\" class=\"wp-block-latest-posts__post-date\">April 4, 2025<\/time><div class=\"wp-block-latest-posts__post-excerpt\">unser neuer Info-Flyer zum Download <a class=\"more-link\" href=\"https:\/\/schwimmbad-dauborn.de\/?p=654\">weiterlesen&#8230;<\/a><\/div><\/li>\n<\/ul>","protected":false},"excerpt":{"rendered":"<p>Alle gesammelten Infos Rund um den F\u00f6rderverein des Dauborner Schwimmbades:<\/p>\n","protected":false},"author":1,"featured_media":0,"parent":0,"menu_order":0,"comment_status":"closed","ping_status":"closed","template":"","meta":{"footnotes":""},"class_list":["post-1104","page","type-page","status-publish","hentry"],"yoast_head":"<!-- This site is optimized with the Yoast SEO plugin v27.5 - https:\/\/yoast.com\/product\/yoast-seo-wordpress\/ -->\n<title>F\u00f6rderverein - Schwimmbad Dauborn<\/title>\n<meta name=\"robots\" content=\"index, follow, max-snippet:-1, max-image-preview:large, max-video-preview:-1\" \/>\n<link rel=\"canonical\" href=\"https:\/\/schwimmbad-dauborn.de\/?page_id=1104\" \/>\n<meta property=\"og:locale\" content=\"de_DE\" \/>\n<meta property=\"og:type\" content=\"article\" \/>\n<meta property=\"og:title\" content=\"F\u00f6rderverein - Schwimmbad Dauborn\" \/>\n<meta property=\"og:description\" content=\"Alle gesammelten Infos Rund um den F\u00f6rderverein des Dauborner Schwimmbades:\" \/>\n<meta property=\"og:url\" content=\"https:\/\/schwimmbad-dauborn.de\/?page_id=1104\" \/>\n<meta property=\"og:site_name\" content=\"Schwimmbad Dauborn\" \/>\n<meta property=\"article:publisher\" content=\"https:\/\/www.facebook.com\/groups\/144248379310852\/\" \/>\n<meta property=\"article:modified_time\" content=\"2026-04-28T12:40:31+00:00\" \/>\n<meta name=\"twitter:card\" content=\"summary_large_image\" \/>\n<meta name=\"twitter:label1\" content=\"Gesch\u00e4tzte Lesezeit\" \/>\n\t<meta name=\"twitter:data1\" content=\"1\u00a0Minute\" \/>\n<script type=\"application\/ld+json\" class=\"yoast-schema-graph\">{\"@context\":\"https:\\\/\\\/schema.org\",\"@graph\":[{\"@type\":\"WebPage\",\"@id\":\"https:\\\/\\\/schwimmbad-dauborn.de\\\/?page_id=1104\",\"url\":\"https:\\\/\\\/schwimmbad-dauborn.de\\\/?page_id=1104\",\"name\":\"F\u00f6rderverein - Schwimmbad Dauborn\",\"isPartOf\":{\"@id\":\"https:\\\/\\\/schwimmbad-dauborn.de\\\/#website\"},\"datePublished\":\"2026-04-28T12:40:29+00:00\",\"dateModified\":\"2026-04-28T12:40:31+00:00\",\"breadcrumb\":{\"@id\":\"https:\\\/\\\/schwimmbad-dauborn.de\\\/?page_id=1104#breadcrumb\"},\"inLanguage\":\"de\",\"potentialAction\":[{\"@type\":\"ReadAction\",\"target\":[\"https:\\\/\\\/schwimmbad-dauborn.de\\\/?page_id=1104\"]}]},{\"@type\":\"BreadcrumbList\",\"@id\":\"https:\\\/\\\/schwimmbad-dauborn.de\\\/?page_id=1104#breadcrumb\",\"itemListElement\":[{\"@type\":\"ListItem\",\"position\":1,\"name\":\"Startseite\",\"item\":\"https:\\\/\\\/schwimmbad-dauborn.de\\\/\"},{\"@type\":\"ListItem\",\"position\":2,\"name\":\"F\u00f6rderverein\"}]},{\"@type\":\"WebSite\",\"@id\":\"https:\\\/\\\/schwimmbad-dauborn.de\\\/#website\",\"url\":\"https:\\\/\\\/schwimmbad-dauborn.de\\\/\",\"name\":\"Schwimmbad Dauborn\",\"description\":\"F\u00f6rderverein Dauborner Schwimbad e.V.\",\"publisher\":{\"@id\":\"https:\\\/\\\/schwimmbad-dauborn.de\\\/#organization\"},\"potentialAction\":[{\"@type\":\"SearchAction\",\"target\":{\"@type\":\"EntryPoint\",\"urlTemplate\":\"https:\\\/\\\/schwimmbad-dauborn.de\\\/?s={search_term_string}\"},\"query-input\":{\"@type\":\"PropertyValueSpecification\",\"valueRequired\":true,\"valueName\":\"search_term_string\"}}],\"inLanguage\":\"de\"},{\"@type\":\"Organization\",\"@id\":\"https:\\\/\\\/schwimmbad-dauborn.de\\\/#organization\",\"name\":\"F\u00f6rderverein Dauborner Schwimmbad e.V.\",\"url\":\"https:\\\/\\\/schwimmbad-dauborn.de\\\/\",\"logo\":{\"@type\":\"ImageObject\",\"inLanguage\":\"de\",\"@id\":\"https:\\\/\\\/schwimmbad-dauborn.de\\\/#\\\/schema\\\/logo\\\/image\\\/\",\"url\":\"https:\\\/\\\/schwimmbad-dauborn.de\\\/wp-content\\\/uploads\\\/2025\\\/03\\\/cropped-cropped-Logo_klein-1.png\",\"contentUrl\":\"https:\\\/\\\/schwimmbad-dauborn.de\\\/wp-content\\\/uploads\\\/2025\\\/03\\\/cropped-cropped-Logo_klein-1.png\",\"width\":160,\"height\":160,\"caption\":\"F\u00f6rderverein Dauborner Schwimmbad e.V.\"},\"image\":{\"@id\":\"https:\\\/\\\/schwimmbad-dauborn.de\\\/#\\\/schema\\\/logo\\\/image\\\/\"},\"sameAs\":[\"https:\\\/\\\/www.facebook.com\\\/groups\\\/144248379310852\\\/\",\"https:\\\/\\\/www.instagram.com\\\/schwimmbad_dauborn\"]}]}<\/script>\n<!-- \/ Yoast SEO plugin. -->","yoast_head_json":{"title":"F\u00f6rderverein - Schwimmbad Dauborn","robots":{"index":"index","follow":"follow","max-snippet":"max-snippet:-1","max-image-preview":"max-image-preview:large","max-video-preview":"max-video-preview:-1"},"canonical":"https:\/\/schwimmbad-dauborn.de\/?page_id=1104","og_locale":"de_DE","og_type":"article","og_title":"F\u00f6rderverein - Schwimmbad Dauborn","og_description":"Alle gesammelten Infos Rund um den F\u00f6rderverein des Dauborner Schwimmbades:","og_url":"https:\/\/schwimmbad-dauborn.de\/?page_id=1104","og_site_name":"Schwimmbad Dauborn","article_publisher":"https:\/\/www.facebook.com\/groups\/144248379310852\/","article_modified_time":"2026-04-28T12:40:31+00:00","twitter_card":"summary_large_image","twitter_misc":{"Gesch\u00e4tzte Lesezeit":"1\u00a0Minute"},"schema":{"@context":"https:\/\/schema.org","@graph":[{"@type":"WebPage","@id":"https:\/\/schwimmbad-dauborn.de\/?page_id=1104","url":"https:\/\/schwimmbad-dauborn.de\/?page_id=1104","name":"F\u00f6rderverein - Schwimmbad Dauborn","isPartOf":{"@id":"https:\/\/schwimmbad-dauborn.de\/#website"},"datePublished":"2026-04-28T12:40:29+00:00","dateModified":"2026-04-28T12:40:31+00:00","breadcrumb":{"@id":"https:\/\/schwimmbad-dauborn.de\/?page_id=1104#breadcrumb"},"inLanguage":"de","potentialAction":[{"@type":"ReadAction","target":["https:\/\/schwimmbad-dauborn.de\/?page_id=1104"]}]},{"@type":"BreadcrumbList","@id":"https:\/\/schwimmbad-dauborn.de\/?page_id=1104#breadcrumb","itemListElement":[{"@type":"ListItem","position":1,"name":"Startseite","item":"https:\/\/schwimmbad-dauborn.de\/"},{"@type":"ListItem","position":2,"name":"F\u00f6rderverein"}]},{"@type":"WebSite","@id":"https:\/\/schwimmbad-dauborn.de\/#website","url":"https:\/\/schwimmbad-dauborn.de\/","name":"Schwimmbad Dauborn","description":"F\u00f6rderverein Dauborner Schwimbad e.V.","publisher":{"@id":"https:\/\/schwimmbad-dauborn.de\/#organization"},"potentialAction":[{"@type":"SearchAction","target":{"@type":"EntryPoint","urlTemplate":"https:\/\/schwimmbad-dauborn.de\/?s={search_term_string}"},"query-input":{"@type":"PropertyValueSpecification","valueRequired":true,"valueName":"search_term_string"}}],"inLanguage":"de"},{"@type":"Organization","@id":"https:\/\/schwimmbad-dauborn.de\/#organization","name":"F\u00f6rderverein Dauborner Schwimmbad e.V.","url":"https:\/\/schwimmbad-dauborn.de\/","logo":{"@type":"ImageObject","inLanguage":"de","@id":"https:\/\/schwimmbad-dauborn.de\/#\/schema\/logo\/image\/","url":"https:\/\/schwimmbad-dauborn.de\/wp-content\/uploads\/2025\/03\/cropped-cropped-Logo_klein-1.png","contentUrl":"https:\/\/schwimmbad-dauborn.de\/wp-content\/uploads\/2025\/03\/cropped-cropped-Logo_klein-1.png","width":160,"height":160,"caption":"F\u00f6rderverein Dauborner Schwimmbad e.V."},"image":{"@id":"https:\/\/schwimmbad-dauborn.de\/#\/schema\/logo\/image\/"},"sameAs":["https:\/\/www.facebook.com\/groups\/144248379310852\/","https:\/\/www.instagram.com\/schwimmbad_dauborn"]}]}},"_links":{"self":[{"href":"https:\/\/schwimmbad-dauborn.de\/index.php?rest_route=\/wp\/v2\/pages\/1104","targetHints":{"allow":["GET"]}}],"collection":[{"href":"https:\/\/schwimmbad-dauborn.de\/index.php?rest_route=\/wp\/v2\/pages"}],"about":[{"href":"https:\/\/schwimmbad-dauborn.de\/index.php?rest_route=\/wp\/v2\/types\/page"}],"author":[{"embeddable":true,"href":"https:\/\/schwimmbad-dauborn.de\/index.php?rest_route=\/wp\/v2\/users\/1"}],"replies":[{"embeddable":true,"href":"https:\/\/schwimmbad-dauborn.de\/index.php?rest_route=%2Fwp%2Fv2%2Fcomments&post=1104"}],"version-history":[{"count":1,"href":"https:\/\/schwimmbad-dauborn.de\/index.php?rest_route=\/wp\/v2\/pages\/1104\/revisions"}],"predecessor-version":[{"id":1105,"href":"https:\/\/schwimmbad-dauborn.de\/index.php?rest_route=\/wp\/v2\/pages\/1104\/revisions\/1105"}],"wp:attachment":[{"href":"https:\/\/schwimmbad-dauborn.de\/index.php?rest_route=%2Fwp%2Fv2%2Fmedia&parent=1104"}],"curies":[{"name":"wp","href":"https:\/\/api.w.org\/{rel}","templated":true}]}}