{"id":1095,"date":"2026-04-28T12:31:08","date_gmt":"2026-04-28T12:31:08","guid":{"rendered":"https:\/\/schwimmbad-dauborn.de\/?page_id=1095"},"modified":"2026-04-28T12:35:50","modified_gmt":"2026-04-28T12:35:50","slug":"fragen-antworten","status":"publish","type":"page","link":"https:\/\/schwimmbad-dauborn.de\/?page_id=1095","title":{"rendered":"Fragen &amp; Antworten"},"content":{"rendered":"\n<p><\/p>\n\n\n\n<p>Ihr habt gefragt &#8211; wir haben die Antworten dazu &#8211; hier alle gesammelt zu:<\/p>\n\n\n\n<div style=\"height:25px\" aria-hidden=\"true\" class=\"wp-block-spacer\"><\/div>\n\n\n<ul class=\"wp-block-latest-posts__list has-dates wp-block-latest-posts\"><li><a class=\"wp-block-latest-posts__post-title\" href=\"https:\/\/schwimmbad-dauborn.de\/?p=1109\">Ihr fragt \u2013 wir antworten\ud83c\udf99\ufe0f<\/a><time datetime=\"2026-04-28T13:11:02+00:00\" class=\"wp-block-latest-posts__post-date\">April 28, 2026<\/time><div class=\"wp-block-latest-posts__post-full-content\"><!-- wp:paragraph -->\n<p><\/p>\n<!-- \/wp:paragraph -->\n\n<!-- wp:paragraph -->\n<p>5\ufe0f\u20e3. Teil\ud83c\udfac<\/p>\n<!-- \/wp:paragraph -->\n\n<!-- wp:paragraph -->\n<p><em>Hat der Schwimmbadkiosk ge\u00f6ffnet <\/em>\ud83d\ude4b\ud83c\udffd\u200d\u2640\ufe0f<em>? <\/em><\/p>\n<!-- \/wp:paragraph -->\n\n<!-- wp:paragraph -->\n<p>Ja, wie im letzten Jahr, wird er vom B\u00e4derservice Darda betrieben. Die G\u00e4ste werden mit K\u00f6stlichkeiten \ud83c\udf5f\ud83c\udf2d und Durststillern \ud83e\udd5b\u2615versorgt. Der Kiosk hat am Wochenende und je nach Besucherzahl und Wetter ge\u00f6ffnet..<\/p>\n<!-- \/wp:paragraph -->\n\n<!-- wp:separator -->\n<hr class=\"wp-block-separator has-alpha-channel-opacity\" \/>\n<!-- \/wp:separator -->\n\n<!-- wp:paragraph -->\n<p><em>Wie sieht es mit den Verpflegungs-Automaten<\/em> \ud83c\udfe7 <em>aus? <\/em><\/p>\n<!-- \/wp:paragraph -->\n\n<!-- wp:paragraph -->\n<p>Diese werden als Erg\u00e4nzung zum Verpflegungsangebot f\u00fcr eine kleine St\u00e4rkung mit Kaltgetr\u00e4nken und Snacks \ud83c\udf6b\ud83c\udf66 ebenso zur Verf\u00fcgung stehen.<\/p>\n<!-- \/wp:paragraph -->\n\n<!-- wp:separator -->\n<hr class=\"wp-block-separator has-alpha-channel-opacity\" \/>\n<!-- \/wp:separator -->\n\n<!-- wp:paragraph -->\n<p><em>Wird es in dieser Saison Kinder-Schwimmkurse <\/em>\ud83c\udfca\u200d\u2640\ufe0f\ud83c\udfca\u200d\u2642\ufe0f<em> geben?<\/em><\/p>\n<!-- \/wp:paragraph -->\n\n<!-- wp:paragraph -->\n<p>Ja, es werden Kurse \ud83d\udca6 angeboten. Diese werden in den Ferien morgens stattfinden. F\u00fcr weitere Informationen bitte an die Badeaufsicht \ud83d\udedf wenden.<\/p>\n<!-- \/wp:paragraph -->\n\n<!-- wp:spacer {\"height\":\"25px\"} -->\n<div style=\"height:25px\" aria-hidden=\"true\" class=\"wp-block-spacer\"><\/div>\n<!-- \/wp:spacer -->\n\n<!-- wp:block {\"ref\":676} \/-->\n\n<!-- wp:paragraph -->\n<p><\/p>\n<!-- \/wp:paragraph --><\/div><\/li>\n<li><a class=\"wp-block-latest-posts__post-title\" href=\"https:\/\/schwimmbad-dauborn.de\/?p=1043\">Ihr fragt \u2013 wir antworten\ud83c\udf99\ufe0f<\/a><time datetime=\"2026-04-12T00:29:00+00:00\" class=\"wp-block-latest-posts__post-date\">April 12, 2026<\/time><div class=\"wp-block-latest-posts__post-full-content\"><!-- wp:paragraph -->\n<p><\/p>\n<!-- \/wp:paragraph -->\n\n<!-- wp:paragraph -->\n<p>4\ufe0f\u20e3. Teil\ud83c\udfac<\/p>\n<!-- \/wp:paragraph -->\n\n<!-- wp:paragraph -->\n<p><em>Das Rasenm\u00e4herteam hat dankend die neuen\ud83e\ude91Stuhl-\/Tisch-R\u00fcckstellstationen angenommen. Wird dies fortgesetzt \ud83d\ude4b\ud83c\udffd\u200d\u2640\ufe0f?<\/em><\/p>\n<!-- \/wp:paragraph -->\n\n<!-- wp:paragraph -->\n<p>Das System behalten wir bei. Die G\u00e4ste haben die Aktion super unterst\u00fctzt \ud83d\ude4f\ud83c\udffc.<\/p>\n<!-- \/wp:paragraph -->\n\n<!-- wp:separator -->\n<hr class=\"wp-block-separator has-alpha-channel-opacity\" \/>\n<!-- \/wp:separator -->\n\n<!-- wp:paragraph -->\n<p><em>Wer k\u00fcmmert sich eigentlich um die Bepflanzung der K\u00fcbel und Beete?<\/em><\/p>\n<!-- \/wp:paragraph -->\n\n<!-- wp:paragraph -->\n<p>Auch hier haben sich eifrige \u201eG\u00e4rtner\/innen\u201c \ud83e\uddd1\ud83c\udffc\u200d\ud83c\udf3e\ud83e\uddd1\ud83c\udffc\u200d\ud83c\udf3e gefunden, die die Pfl\u00e4nzchen und Blumen\ud83c\udf3b\ud83c\udf37\ud83e\udebb ausw\u00e4hlen, pflanzen und diese \u00fcber die Saison hegen und pflegen.<\/p>\n<!-- \/wp:paragraph -->\n\n<!-- wp:spacer {\"height\":\"35px\"} -->\n<div style=\"height:35px\" aria-hidden=\"true\" class=\"wp-block-spacer\"><\/div>\n<!-- \/wp:spacer -->\n\n<!-- wp:block {\"ref\":676} \/-->\n\n<!-- wp:paragraph -->\n<p><\/p>\n<!-- \/wp:paragraph --><\/div><\/li>\n<li><a class=\"wp-block-latest-posts__post-title\" href=\"https:\/\/schwimmbad-dauborn.de\/?p=1041\">Ihr fragt \u2013 wir antworten\ud83c\udf99\ufe0f<\/a><time datetime=\"2026-03-29T00:19:00+00:00\" class=\"wp-block-latest-posts__post-date\">M\u00e4rz 29, 2026<\/time><div class=\"wp-block-latest-posts__post-full-content\"><!-- wp:paragraph -->\n<p><\/p>\n<!-- \/wp:paragraph -->\n\n<!-- wp:paragraph -->\n<p>3\ufe0f\u20e3. Teil\ud83c\udfac<\/p>\n<!-- \/wp:paragraph -->\n\n<!-- wp:paragraph -->\n<p><em>Steht der Bademeisterbetrieb \ud83c\udfca fest?<\/em><\/p>\n<!-- \/wp:paragraph -->\n\n<!-- wp:paragraph -->\n<p>Auch da k\u00f6nnen wir freudig mitteilen, dass f\u00fcr unsere Sicherheit \ud83d\udedfder B\u00e4derservice Darda sorgt, wie in den vergangenen Jahren.<\/p>\n<!-- \/wp:paragraph -->\n\n<!-- wp:separator -->\n<hr class=\"wp-block-separator has-alpha-channel-opacity\" \/>\n<!-- \/wp:separator -->\n\n<!-- wp:paragraph -->\n<p><em>Sind seitens F\u00f6rderverein Anschaffungen in Planung?<\/em><\/p>\n<!-- \/wp:paragraph -->\n\n<!-- wp:paragraph -->\n<p>Der Vorstand wird sich zeitnah zu einem Treffen finden, ber\u00e4t sich und wird sicherlich N\u00fctzliches und Spa\u00dfig ausfindig machen \ud83d\ude03. In den letzten Jahren waren es z. B. ein Fussballtor \ud83e\udd45, eine Markise, Wasserballtore \ud83e\udd3d\u200d\u2640\ufe0f und Verschiedenes zu Land und Wasser.<\/p>\n<!-- \/wp:paragraph -->\n\n<!-- wp:spacer {\"height\":\"35px\"} -->\n<div style=\"height:35px\" aria-hidden=\"true\" class=\"wp-block-spacer\"><\/div>\n<!-- \/wp:spacer -->\n\n<!-- wp:block {\"ref\":676} \/--><\/div><\/li>\n<li><a class=\"wp-block-latest-posts__post-title\" href=\"https:\/\/schwimmbad-dauborn.de\/?p=1026\">Ihr fragt &#8211; wir antworten\ud83c\udf99\ufe0f<\/a><time datetime=\"2026-03-18T12:45:09+00:00\" class=\"wp-block-latest-posts__post-date\">M\u00e4rz 18, 2026<\/time><div class=\"wp-block-latest-posts__post-full-content\"><!-- wp:paragraph -->\n<p id=\"block-1e702f9f-65e0-4372-b9f1-68811ea5bace\"><\/p>\n<!-- \/wp:paragraph -->\n\n<!-- wp:paragraph -->\n<p id=\"block-0716bd29-5ecc-4a52-a89f-71c8bed4d274\">2\ufe0f\u20e3. Teil\ud83c\udfac<\/p>\n<!-- \/wp:paragraph -->\n\n<!-- wp:paragraph -->\n<p><em>Ist bei den Arbeitseins\u00e4tzen handwerkliches Geschick <\/em>\ud83d\udc81\ud83c\udffb<em> von N\u00f6ten?<\/em><br><br>Nein, du musst nur Lust auf Team-Arbeit mitbringen und dich nachher \u00fcber die erledigten Arbeiten mit uns freuen\ud83d\udc4f\ud83c\udffb.<\/p>\n<!-- \/wp:paragraph -->\n\n<!-- wp:separator -->\n<hr class=\"wp-block-separator has-alpha-channel-opacity\" \/>\n<!-- \/wp:separator -->\n\n<!-- wp:paragraph -->\n<p><em>Gibt es denn immer gen\u00fcgend helfende<\/em>\ud83e\udd32<em>H\u00e4nde?<\/em><br><br>Wir haben viele treue ehrenamtliche Helfer\ud83d\udc77\ud83c\udffc\ud83e\uddd1\ud83c\udffd\u200d\ud83c\udf3ein den unterschiedlichsten Bereichen \ud83e\uddf0\ud83d\udee0\ufe0f. Daf\u00fcr ist der Vorstand von Herzen dankbar\ud83d\ude4f. <br>Jedoch sind es immer die selben flei\u00dfigen \u201eBienchen\u201c\ud83d\udc1d \u2013 es w\u00e4re toll, wenn wir Nachschub bek\u00e4men, um das Helferteam aufzustocken.<br><br>Jeder darf sich einbringen und unterst\u00fctzen. Wir freuen uns! \ud83d\ude0a<\/p>\n<!-- \/wp:paragraph -->\n\n<!-- wp:spacer {\"height\":\"35px\"} -->\n<div style=\"height:35px\" aria-hidden=\"true\" class=\"wp-block-spacer\"><\/div>\n<!-- \/wp:spacer -->\n\n<!-- wp:block {\"ref\":676} \/-->\n\n<!-- wp:paragraph -->\n<p><\/p>\n<!-- \/wp:paragraph --><\/div><\/li>\n<li><a class=\"wp-block-latest-posts__post-title\" href=\"https:\/\/schwimmbad-dauborn.de\/?p=1018\">Ihr fragt &#8211; wir antworten\ud83c\udf99\ufe0f<\/a><time datetime=\"2026-03-10T12:03:36+00:00\" class=\"wp-block-latest-posts__post-date\">M\u00e4rz 10, 2026<\/time><div class=\"wp-block-latest-posts__post-full-content\"><!-- wp:paragraph -->\n<p><\/p>\n<!-- \/wp:paragraph -->\n\n<!-- wp:paragraph -->\n<p>1\ufe0f\u20e3. Teil\ud83c\udfac<\/p>\n<!-- \/wp:paragraph -->\n\n<!-- wp:paragraph -->\n<p><em>Ein Freund m\u00f6chte Mitglied werden. Wo bekomme ich den Antrag<\/em>\ud83d\udcc4<em>her? <\/em><br><em>Wo gibt es Informationen <\/em>\ud83d\udc81\u200d\u2640\ufe0f<em> zum Verein und dem Schwimmbad<\/em> \ud83c\udfca\ud83c\udffb\u200d\u2642\ufe0f<em>?<\/em><br><br>Den Mitgliedsantrag\ud83d\udcc4findest du auf der Homepage <a href=\"https:\/\/schwimmbad-dauborn.de\/?page_id=58\" id=\"https:\/\/schwimmbad-dauborn.de\/?page_id=58\">www.schwimmbad-dauborn.de<\/a> unter der Rubrik \u201eVerein\u201c. <br>Auf der Homepage sind viele News\u2139\ufe0f und mehr zum Dauborner Schwimmbad zu finden.<\/p>\n<!-- \/wp:paragraph -->\n\n<!-- wp:separator -->\n<hr class=\"wp-block-separator has-alpha-channel-opacity\" \/>\n<!-- \/wp:separator -->\n\n<!-- wp:paragraph -->\n<p><em>Welche Termine <\/em>\ud83d\udcc6 <em>stehen schon fest?<\/em><br><br>Die <a href=\"https:\/\/schwimmbad-dauborn.de\/wp-content\/uploads\/2026\/03\/ostereiersuche2026-e1773143890698.jpeg\" id=\"1019\" target=\"_blank\" rel=\"noreferrer noopener\">Ostereiersuche<\/a> \ud83d\udc23 findet am Karsamstag 4.4.2026 statt, die Poolparty\u26f1\ufe0f\ud83c\udf1e\ud83c\udf79 am 21.08.2026. Auch hierzu werden wir zur gegebenen Zeit Informationen teilen.<\/p>\n<!-- \/wp:paragraph -->\n\n<!-- wp:spacer {\"height\":\"35px\"} -->\n<div style=\"height:35px\" aria-hidden=\"true\" class=\"wp-block-spacer\"><\/div>\n<!-- \/wp:spacer -->\n\n<!-- wp:block {\"ref\":676} \/-->\n\n<!-- wp:paragraph -->\n<p><\/p>\n<!-- \/wp:paragraph --><\/div><\/li>\n<\/ul>\n\n\n<div class=\"wp-block-group is-nowrap is-layout-flex wp-container-core-group-is-layout-ad2f72ca wp-block-group-is-layout-flex\">\n<p>Beitrag teilen: <\/p>\n\n\n\n<ul class=\"wp-block-outermost-social-sharing has-normal-icon-size is-style-logos-only is-content-justification-space-between is-layout-flex wp-container-outermost-social-sharing-is-layout-3d213aab wp-block-outermost-social-sharing-is-layout-flex\"><li class=\"outermost-social-sharing-link outermost-social-sharing-link-whatsapp  wp-block-outermost-social-sharing-link\">\n\t<a href=\"https:\/\/api.whatsapp.com\/send?text=Fragen%20%26%20Antworten%20&mdash;%20https%3A%2F%2Fschwimmbad-dauborn.de%2F%3Fpage_id%3D1095\" aria-label=\"Share on WhatsApp\" rel=\"noopener nofollow\" target=\"_blank\" class=\"wp-block-outermost-social-sharing-link-anchor\">\n\t\t<svg width=\"24\" height=\"24\" viewBox=\"0 0 24 24\" version=\"1.1\" xmlns=\"http:\/\/www.w3.org\/2000\/svg\" aria-hidden=\"true\" focusable=\"false\"><path d=\"M 12.011719 2 C 6.5057187 2 2.0234844 6.478375 2.0214844 11.984375 C 2.0204844 13.744375 2.4814687 15.462563 3.3554688 16.976562 L 2 22 L 7.2324219 20.763672 C 8.6914219 21.559672 10.333859 21.977516 12.005859 21.978516 L 12.009766 21.978516 C 17.514766 21.978516 21.995047 17.499141 21.998047 11.994141 C 22.000047 9.3251406 20.962172 6.8157344 19.076172 4.9277344 C 17.190172 3.0407344 14.683719 2.001 12.011719 2 z M 12.009766 4 C 14.145766 4.001 16.153109 4.8337969 17.662109 6.3417969 C 19.171109 7.8517969 20.000047 9.8581875 19.998047 11.992188 C 19.996047 16.396187 16.413812 19.978516 12.007812 19.978516 C 10.674812 19.977516 9.3544062 19.642812 8.1914062 19.007812 L 7.5175781 18.640625 L 6.7734375 18.816406 L 4.8046875 19.28125 L 5.2851562 17.496094 L 5.5019531 16.695312 L 5.0878906 15.976562 C 4.3898906 14.768562 4.0204844 13.387375 4.0214844 11.984375 C 4.0234844 7.582375 7.6067656 4 12.009766 4 z M 8.4765625 7.375 C 8.3095625 7.375 8.0395469 7.4375 7.8105469 7.6875 C 7.5815469 7.9365 6.9355469 8.5395781 6.9355469 9.7675781 C 6.9355469 10.995578 7.8300781 12.182609 7.9550781 12.349609 C 8.0790781 12.515609 9.68175 15.115234 12.21875 16.115234 C 14.32675 16.946234 14.754891 16.782234 15.212891 16.740234 C 15.670891 16.699234 16.690438 16.137687 16.898438 15.554688 C 17.106437 14.971687 17.106922 14.470187 17.044922 14.367188 C 16.982922 14.263188 16.816406 14.201172 16.566406 14.076172 C 16.317406 13.951172 15.090328 13.348625 14.861328 13.265625 C 14.632328 13.182625 14.464828 13.140625 14.298828 13.390625 C 14.132828 13.640625 13.655766 14.201187 13.509766 14.367188 C 13.363766 14.534188 13.21875 14.556641 12.96875 14.431641 C 12.71875 14.305641 11.914938 14.041406 10.960938 13.191406 C 10.218937 12.530406 9.7182656 11.714844 9.5722656 11.464844 C 9.4272656 11.215844 9.5585938 11.079078 9.6835938 10.955078 C 9.7955938 10.843078 9.9316406 10.663578 10.056641 10.517578 C 10.180641 10.371578 10.223641 10.267562 10.306641 10.101562 C 10.389641 9.9355625 10.347156 9.7890625 10.285156 9.6640625 C 10.223156 9.5390625 9.737625 8.3065 9.515625 7.8125 C 9.328625 7.3975 9.131125 7.3878594 8.953125 7.3808594 C 8.808125 7.3748594 8.6425625 7.375 8.4765625 7.375 z\"><\/path><\/svg>\t\t<span class=\"wp-block-outermost-social-sharing-link-label screen-reader-text\">\n\t\t\tShare on WhatsApp\t\t<\/span>\n\t<\/a>\n<\/li>\n\n\n<li class=\"outermost-social-sharing-link outermost-social-sharing-link-facebook  wp-block-outermost-social-sharing-link\">\n\t<a href=\"https:\/\/www.facebook.com\/sharer\/sharer.php?u=https%3A%2F%2Fschwimmbad-dauborn.de%2F%3Fpage_id%3D1095&#038;title=Fragen%20%26%20Antworten\" aria-label=\"Share on Facebook\" rel=\"noopener nofollow\" target=\"_blank\" class=\"wp-block-outermost-social-sharing-link-anchor\">\n\t\t<svg width=\"24\" height=\"24\" viewBox=\"0 0 24 24\" version=\"1.1\" xmlns=\"http:\/\/www.w3.org\/2000\/svg\" aria-hidden=\"true\" focusable=\"false\"><path d=\"M12 2C6.5 2 2 6.5 2 12c0 5 3.7 9.1 8.4 9.9v-7H7.9V12h2.5V9.8c0-2.5 1.5-3.9 3.8-3.9 1.1 0 2.2.2 2.2.2v2.5h-1.3c-1.2 0-1.6.8-1.6 1.6V12h2.8l-.4 2.9h-2.3v7C18.3 21.1 22 17 22 12c0-5.5-4.5-10-10-10z\"><\/path><\/svg>\t\t<span class=\"wp-block-outermost-social-sharing-link-label screen-reader-text\">\n\t\t\tShare on Facebook\t\t<\/span>\n\t<\/a>\n<\/li>\n<\/ul>\n<\/div>\n","protected":false},"excerpt":{"rendered":"<p>Ihr habt gefragt &#8211; wir haben die Antworten dazu &#8211; <a class=\"more-link\" href=\"https:\/\/schwimmbad-dauborn.de\/?page_id=1095\">weiterlesen&#8230;<\/a><\/p>\n","protected":false},"author":1,"featured_media":0,"parent":0,"menu_order":0,"comment_status":"closed","ping_status":"closed","template":"","meta":{"footnotes":""},"class_list":["post-1095","page","type-page","status-publish","hentry"],"yoast_head":"<!-- This site is optimized with the Yoast SEO plugin v27.5 - https:\/\/yoast.com\/product\/yoast-seo-wordpress\/ -->\n<title>Fragen &amp; Antworten - Schwimmbad Dauborn<\/title>\n<meta name=\"robots\" content=\"index, follow, max-snippet:-1, max-image-preview:large, max-video-preview:-1\" \/>\n<link rel=\"canonical\" href=\"https:\/\/schwimmbad-dauborn.de\/?page_id=1095\" \/>\n<meta property=\"og:locale\" content=\"de_DE\" \/>\n<meta property=\"og:type\" content=\"article\" \/>\n<meta property=\"og:title\" content=\"Fragen &amp; Antworten - Schwimmbad Dauborn\" \/>\n<meta property=\"og:description\" content=\"Ihr habt gefragt &#8211; wir haben die Antworten dazu &#8211; weiterlesen...\" \/>\n<meta property=\"og:url\" content=\"https:\/\/schwimmbad-dauborn.de\/?page_id=1095\" \/>\n<meta property=\"og:site_name\" content=\"Schwimmbad Dauborn\" \/>\n<meta property=\"article:publisher\" content=\"https:\/\/www.facebook.com\/groups\/144248379310852\/\" \/>\n<meta property=\"article:modified_time\" content=\"2026-04-28T12:35:50+00:00\" \/>\n<meta name=\"twitter:card\" content=\"summary_large_image\" \/>\n<meta name=\"twitter:label1\" content=\"Gesch\u00e4tzte Lesezeit\" \/>\n\t<meta name=\"twitter:data1\" content=\"1\u00a0Minute\" \/>\n<script type=\"application\/ld+json\" class=\"yoast-schema-graph\">{\"@context\":\"https:\\\/\\\/schema.org\",\"@graph\":[{\"@type\":\"WebPage\",\"@id\":\"https:\\\/\\\/schwimmbad-dauborn.de\\\/?page_id=1095\",\"url\":\"https:\\\/\\\/schwimmbad-dauborn.de\\\/?page_id=1095\",\"name\":\"Fragen &amp; Antworten - Schwimmbad Dauborn\",\"isPartOf\":{\"@id\":\"https:\\\/\\\/schwimmbad-dauborn.de\\\/#website\"},\"datePublished\":\"2026-04-28T12:31:08+00:00\",\"dateModified\":\"2026-04-28T12:35:50+00:00\",\"breadcrumb\":{\"@id\":\"https:\\\/\\\/schwimmbad-dauborn.de\\\/?page_id=1095#breadcrumb\"},\"inLanguage\":\"de\",\"potentialAction\":[{\"@type\":\"ReadAction\",\"target\":[\"https:\\\/\\\/schwimmbad-dauborn.de\\\/?page_id=1095\"]}]},{\"@type\":\"BreadcrumbList\",\"@id\":\"https:\\\/\\\/schwimmbad-dauborn.de\\\/?page_id=1095#breadcrumb\",\"itemListElement\":[{\"@type\":\"ListItem\",\"position\":1,\"name\":\"Startseite\",\"item\":\"https:\\\/\\\/schwimmbad-dauborn.de\\\/\"},{\"@type\":\"ListItem\",\"position\":2,\"name\":\"Fragen &amp; Antworten\"}]},{\"@type\":\"WebSite\",\"@id\":\"https:\\\/\\\/schwimmbad-dauborn.de\\\/#website\",\"url\":\"https:\\\/\\\/schwimmbad-dauborn.de\\\/\",\"name\":\"Schwimmbad Dauborn\",\"description\":\"F\u00f6rderverein Dauborner Schwimbad e.V.\",\"publisher\":{\"@id\":\"https:\\\/\\\/schwimmbad-dauborn.de\\\/#organization\"},\"potentialAction\":[{\"@type\":\"SearchAction\",\"target\":{\"@type\":\"EntryPoint\",\"urlTemplate\":\"https:\\\/\\\/schwimmbad-dauborn.de\\\/?s={search_term_string}\"},\"query-input\":{\"@type\":\"PropertyValueSpecification\",\"valueRequired\":true,\"valueName\":\"search_term_string\"}}],\"inLanguage\":\"de\"},{\"@type\":\"Organization\",\"@id\":\"https:\\\/\\\/schwimmbad-dauborn.de\\\/#organization\",\"name\":\"F\u00f6rderverein Dauborner Schwimmbad e.V.\",\"url\":\"https:\\\/\\\/schwimmbad-dauborn.de\\\/\",\"logo\":{\"@type\":\"ImageObject\",\"inLanguage\":\"de\",\"@id\":\"https:\\\/\\\/schwimmbad-dauborn.de\\\/#\\\/schema\\\/logo\\\/image\\\/\",\"url\":\"https:\\\/\\\/schwimmbad-dauborn.de\\\/wp-content\\\/uploads\\\/2025\\\/03\\\/cropped-cropped-Logo_klein-1.png\",\"contentUrl\":\"https:\\\/\\\/schwimmbad-dauborn.de\\\/wp-content\\\/uploads\\\/2025\\\/03\\\/cropped-cropped-Logo_klein-1.png\",\"width\":160,\"height\":160,\"caption\":\"F\u00f6rderverein Dauborner Schwimmbad e.V.\"},\"image\":{\"@id\":\"https:\\\/\\\/schwimmbad-dauborn.de\\\/#\\\/schema\\\/logo\\\/image\\\/\"},\"sameAs\":[\"https:\\\/\\\/www.facebook.com\\\/groups\\\/144248379310852\\\/\",\"https:\\\/\\\/www.instagram.com\\\/schwimmbad_dauborn\"]}]}<\/script>\n<!-- \/ Yoast SEO plugin. -->","yoast_head_json":{"title":"Fragen &amp; Antworten - Schwimmbad Dauborn","robots":{"index":"index","follow":"follow","max-snippet":"max-snippet:-1","max-image-preview":"max-image-preview:large","max-video-preview":"max-video-preview:-1"},"canonical":"https:\/\/schwimmbad-dauborn.de\/?page_id=1095","og_locale":"de_DE","og_type":"article","og_title":"Fragen &amp; Antworten - Schwimmbad Dauborn","og_description":"Ihr habt gefragt &#8211; wir haben die Antworten dazu &#8211; weiterlesen...","og_url":"https:\/\/schwimmbad-dauborn.de\/?page_id=1095","og_site_name":"Schwimmbad Dauborn","article_publisher":"https:\/\/www.facebook.com\/groups\/144248379310852\/","article_modified_time":"2026-04-28T12:35:50+00:00","twitter_card":"summary_large_image","twitter_misc":{"Gesch\u00e4tzte Lesezeit":"1\u00a0Minute"},"schema":{"@context":"https:\/\/schema.org","@graph":[{"@type":"WebPage","@id":"https:\/\/schwimmbad-dauborn.de\/?page_id=1095","url":"https:\/\/schwimmbad-dauborn.de\/?page_id=1095","name":"Fragen &amp; Antworten - Schwimmbad Dauborn","isPartOf":{"@id":"https:\/\/schwimmbad-dauborn.de\/#website"},"datePublished":"2026-04-28T12:31:08+00:00","dateModified":"2026-04-28T12:35:50+00:00","breadcrumb":{"@id":"https:\/\/schwimmbad-dauborn.de\/?page_id=1095#breadcrumb"},"inLanguage":"de","potentialAction":[{"@type":"ReadAction","target":["https:\/\/schwimmbad-dauborn.de\/?page_id=1095"]}]},{"@type":"BreadcrumbList","@id":"https:\/\/schwimmbad-dauborn.de\/?page_id=1095#breadcrumb","itemListElement":[{"@type":"ListItem","position":1,"name":"Startseite","item":"https:\/\/schwimmbad-dauborn.de\/"},{"@type":"ListItem","position":2,"name":"Fragen &amp; Antworten"}]},{"@type":"WebSite","@id":"https:\/\/schwimmbad-dauborn.de\/#website","url":"https:\/\/schwimmbad-dauborn.de\/","name":"Schwimmbad Dauborn","description":"F\u00f6rderverein Dauborner Schwimbad e.V.","publisher":{"@id":"https:\/\/schwimmbad-dauborn.de\/#organization"},"potentialAction":[{"@type":"SearchAction","target":{"@type":"EntryPoint","urlTemplate":"https:\/\/schwimmbad-dauborn.de\/?s={search_term_string}"},"query-input":{"@type":"PropertyValueSpecification","valueRequired":true,"valueName":"search_term_string"}}],"inLanguage":"de"},{"@type":"Organization","@id":"https:\/\/schwimmbad-dauborn.de\/#organization","name":"F\u00f6rderverein Dauborner Schwimmbad e.V.","url":"https:\/\/schwimmbad-dauborn.de\/","logo":{"@type":"ImageObject","inLanguage":"de","@id":"https:\/\/schwimmbad-dauborn.de\/#\/schema\/logo\/image\/","url":"https:\/\/schwimmbad-dauborn.de\/wp-content\/uploads\/2025\/03\/cropped-cropped-Logo_klein-1.png","contentUrl":"https:\/\/schwimmbad-dauborn.de\/wp-content\/uploads\/2025\/03\/cropped-cropped-Logo_klein-1.png","width":160,"height":160,"caption":"F\u00f6rderverein Dauborner Schwimmbad e.V."},"image":{"@id":"https:\/\/schwimmbad-dauborn.de\/#\/schema\/logo\/image\/"},"sameAs":["https:\/\/www.facebook.com\/groups\/144248379310852\/","https:\/\/www.instagram.com\/schwimmbad_dauborn"]}]}},"_links":{"self":[{"href":"https:\/\/schwimmbad-dauborn.de\/index.php?rest_route=\/wp\/v2\/pages\/1095","targetHints":{"allow":["GET"]}}],"collection":[{"href":"https:\/\/schwimmbad-dauborn.de\/index.php?rest_route=\/wp\/v2\/pages"}],"about":[{"href":"https:\/\/schwimmbad-dauborn.de\/index.php?rest_route=\/wp\/v2\/types\/page"}],"author":[{"embeddable":true,"href":"https:\/\/schwimmbad-dauborn.de\/index.php?rest_route=\/wp\/v2\/users\/1"}],"replies":[{"embeddable":true,"href":"https:\/\/schwimmbad-dauborn.de\/index.php?rest_route=%2Fwp%2Fv2%2Fcomments&post=1095"}],"version-history":[{"count":2,"href":"https:\/\/schwimmbad-dauborn.de\/index.php?rest_route=\/wp\/v2\/pages\/1095\/revisions"}],"predecessor-version":[{"id":1097,"href":"https:\/\/schwimmbad-dauborn.de\/index.php?rest_route=\/wp\/v2\/pages\/1095\/revisions\/1097"}],"wp:attachment":[{"href":"https:\/\/schwimmbad-dauborn.de\/index.php?rest_route=%2Fwp%2Fv2%2Fmedia&parent=1095"}],"curies":[{"name":"wp","href":"https:\/\/api.w.org\/{rel}","templated":true}]}}